{"id":124,"date":"2022-05-14T22:36:15","date_gmt":"2022-05-14T22:36:15","guid":{"rendered":"https:\/\/dianashakti.com\/?page_id=124"},"modified":"2023-12-12T11:16:21","modified_gmt":"2023-12-12T14:16:21","slug":"terapias","status":"publish","type":"page","link":"https:\/\/dianashakti.com\/index.php\/terapias\/","title":{"rendered":"Terapias"},"content":{"rendered":"\n\n\tAl comenzar te dar\u00e9 un masaje relajante y descontracturante en camilla a cuerpo completo.<br \/>\nLuego de \u00e9l pasaremos a un masaje con pindas arom\u00e1ticas , as\u00ed es.. pindas arom\u00e1ticas , en caso te suene curioso debes saber que es sumamente relajante el masaje con las mismas, dejando tu cuerpo altamente receptivo con esta relajaci\u00f3n previa y un mimo m\u00e1s para tu cuerpo .\n<p><img loading=\"lazy\" decoding=\"async\" src=\"https:\/\/dianashakti.com\/wp-content\/uploads\/2022\/05\/masajes.jpg\" alt=\"\" width=\"300\" height=\"168\" \/><\/p>\n<p>A continuaci\u00f3n te invitar\u00e9 a un tatami para realizarte MASAJE T\u00c1NTRICO ER\u00d3TICO. Ambos estaremos totalmente desnudos . Comenzar\u00e9 con suaves movimientos despertando poco a poco tu energ\u00eda sexual y emocional en un recorrido de pies a cabeza con mi cuerpo al desnudo, deslizando mis senos, mis piernas , entrepiernas y brazos donde contemplaras un estado de placer armonioso y constante.<\/p>\n<p>En cada movimiento practico RESPIRACI\u00d3N T\u00c1NTRICA, lo que nos ayudar\u00e1 a ambos conectar con m\u00e1s intensidad y profundidad.. despejando nuestras mentes (ansiedades, nervios, preocupaciones) entregados a la experiencia por completo.<\/p>\n<p><img loading=\"lazy\" decoding=\"async\" src=\"https:\/\/dianashakti.com\/wp-content\/uploads\/2022\/05\/images-4.jpg\" alt=\"\" width=\"275\" height=\"183\" \/><\/p>\n<p>Abarcar\u00e9 en conjunto con lo anteriormente descrito , no solo una energ\u00eda sensual sino conservar la calidez humana que integra el tantra haciendo de este una experiencia m\u00e1s expansiva y reconfortante con respecto a otros masajes er\u00f3ticos Ej dulzura, suavidad, contacto de caricias , miradas, produci\u00e9ndose as\u00ed un vinculo m\u00e1s c\u00f3modo, confianza y disfrute mutuo. Un ingrediente que potencia y constituye la pr\u00e1ctica del TANTRA haci\u00e9ndola diferencial.<\/p>\n<p>Finalizando con LINGAM MASAJE , recorrer\u00e9 cada zona de tu sexo genital , con distintos movimientos en puntos espec\u00edficos agudizando sensaciones ,logrando liberes toda tu energ\u00eda.<\/p>\n<p>Cuento con \u00fanicas sesiones de 2 hrs.<\/p>\n<p><strong>Su arancel es de $5000.<\/strong><\/p>\n<p>Comodidad de Ducha , estacionamiento propio, aire acondicionado. <strong>ANTE CUALQUIER DUDA CONSULTA NO MOLESTAS!. IMPORTANTE: MIS SESIONES LAS AGENDO M\u00cdNIMO CON UN DIA DE ANTICIPACI\u00d3N.<\/strong><\/p>\n\t\t\t\t<img loading=\"lazy\" decoding=\"async\" src=\"https:\/\/dianashakti.com\/wp-content\/uploads\/2022\/05\/firma-transparente.png\" alt=\"firma transparente\" itemprop=\"image\" height=\"54\" width=\"324\" title=\"firma transparente\" onerror=\"this.style.display='none'\"  \/>\n\n","protected":false},"excerpt":{"rendered":"<p>Al comenzar te dar\u00e9 un masaje relajante y descontracturante en camilla a cuerpo completo. Luego de \u00e9l pasaremos a un masaje con pindas arom\u00e1ticas , as\u00ed es.. pindas arom\u00e1ticas , en caso te suene curioso debes saber que es sumamente relajante el masaje con las mismas, dejando tu cuerpo altamente [&hellip;]<\/p>\n","protected":false},"author":1,"featured_media":16,"parent":0,"menu_order":0,"comment_status":"closed","ping_status":"closed","template":"","meta":{"inspiro_page_layout":"narrow","inspiro_hide_title":false,"_joinchat":[],"footnotes":""},"class_list":["post-124","page","type-page","status-publish","has-post-thumbnail","hentry"],"aioseo_notices":[],"_links":{"self":[{"href":"https:\/\/dianashakti.com\/index.php\/wp-json\/wp\/v2\/pages\/124","targetHints":{"allow":["GET"]}}],"collection":[{"href":"https:\/\/dianashakti.com\/index.php\/wp-json\/wp\/v2\/pages"}],"about":[{"href":"https:\/\/dianashakti.com\/index.php\/wp-json\/wp\/v2\/types\/page"}],"author":[{"embeddable":true,"href":"https:\/\/dianashakti.com\/index.php\/wp-json\/wp\/v2\/users\/1"}],"replies":[{"embeddable":true,"href":"https:\/\/dianashakti.com\/index.php\/wp-json\/wp\/v2\/comments?post=124"}],"version-history":[{"count":0,"href":"https:\/\/dianashakti.com\/index.php\/wp-json\/wp\/v2\/pages\/124\/revisions"}],"wp:featuredmedia":[{"embeddable":true,"href":"https:\/\/dianashakti.com\/index.php\/wp-json\/wp\/v2\/media\/16"}],"wp:attachment":[{"href":"https:\/\/dianashakti.com\/index.php\/wp-json\/wp\/v2\/media?parent=124"}],"curies":[{"name":"wp","href":"https:\/\/api.w.org\/{rel}","templated":true}]}}